{"id":473,"date":"2015-09-25T15:38:02","date_gmt":"2015-09-25T15:38:02","guid":{"rendered":"http:\/\/memorialcompanyssabadell.cat\/?page_id=473"},"modified":"2023-10-15T11:03:04","modified_gmt":"2023-10-15T09:03:04","slug":"marato-viquipedia-lluis-companys","status":"publish","type":"page","link":"http:\/\/www.memorialcompanyssabadell.cat\/?page_id=473","title":{"rendered":"Marat\u00f3 Viquip\u00e8dia Llu\u00eds Companys"},"content":{"rendered":"<p><img loading=\"lazy\" decoding=\"async\" class=\"size-medium wp-image-1676 alignleft\" src=\"http:\/\/www.memorialcompanyssabadell.cat\/wp-content\/uploads\/2023\/10\/2015-Memorial-Lluis-Companys_Viquimarato_Cartell-207x300.jpg\" alt=\"\" width=\"207\" height=\"300\" srcset=\"http:\/\/www.memorialcompanyssabadell.cat\/wp-content\/uploads\/2023\/10\/2015-Memorial-Lluis-Companys_Viquimarato_Cartell-207x300.jpg 207w, http:\/\/www.memorialcompanyssabadell.cat\/wp-content\/uploads\/2023\/10\/2015-Memorial-Lluis-Companys_Viquimarato_Cartell-707x1024.jpg 707w, http:\/\/www.memorialcompanyssabadell.cat\/wp-content\/uploads\/2023\/10\/2015-Memorial-Lluis-Companys_Viquimarato_Cartell-768x1112.jpg 768w, http:\/\/www.memorialcompanyssabadell.cat\/wp-content\/uploads\/2023\/10\/2015-Memorial-Lluis-Companys_Viquimarato_Cartell-1061x1536.jpg 1061w, http:\/\/www.memorialcompanyssabadell.cat\/wp-content\/uploads\/2023\/10\/2015-Memorial-Lluis-Companys_Viquimarato_Cartell.jpg 1119w\" sizes=\"auto, (max-width: 207px) 100vw, 207px\" \/>El dissabte, 10 d\u2019octubre, de les 11 del mat\u00ed a les 2 del migdia a la <a title=\"Biblioteca Vapor Badia\" href=\"http:\/\/www.sabadell.cat\/ca\/biblioteques\/biblioteca-vapor-badia\" target=\"_blank\" rel=\"noopener\">Biblioteca Vapor Badia<\/a>\u00a0(vegeu <a title=\"Tres Creus, 127-129\" href=\"https:\/\/goo.gl\/maps\/TxwHJvc1inw\" target=\"_blank\" rel=\"noopener\">mapa<\/a>),\u00a0organitzat conjuntament per l\u2019<a title=\"Arxiu Hist\u00f2ric de Sabadell\" href=\"http:\/\/ca.sabadell.cat\/ahs\/p\/portada_cat.asp\" target=\"_blank\" rel=\"noopener\">Arxiu Hist\u00f2ric de Sabadell<\/a> i l\u2019<a title=\"Amical Wikim\u00e8dia\" href=\"https:\/\/www.wikimedia.cat\/\" target=\"_blank\" rel=\"noopener\">Amical Wiquim\u00e8dia<\/a>, es va fer una<strong> Viquimarat\u00f3 sobre Llu\u00eds Companys<\/strong>.<\/p>\n<p>Aquesta activitat consisteix\u00a0en reunir un grup de viquipedistes (amb o sense experi\u00e8ncia) f\u00edsicament en un lloc \u2014una biblioteca, un arxiu o un centre de documentaci\u00f3\u2014 per ampliar el m\u00e0xim possible un article i\/o tem\u00e0tica determinada de l&#8217;enciclop\u00e8dia; en el nostre cas, la figura de Llu\u00eds Companys i el seu pas per Sabadell.<\/p>\n<p>Aqu\u00ed teniu algunes imatges de la sessi\u00f3:<\/p>\n","protected":false},"excerpt":{"rendered":"<p>El dissabte, 10 d\u2019octubre, de les 11 del mat\u00ed a les 2 del migdia a la Biblioteca Vapor Badia\u00a0(vegeu mapa),\u00a0organitzat conjuntament per l\u2019Arxiu Hist\u00f2ric de Sabadell i l\u2019Amical Wiquim\u00e8dia, es va fer una Viquimarat\u00f3 sobre Llu\u00eds Companys. Aquesta activitat consisteix\u00a0en &hellip; <a href=\"http:\/\/www.memorialcompanyssabadell.cat\/?page_id=473\">Continua llegint <span class=\"meta-nav\">&rarr;<\/span><\/a><\/p>\n","protected":false},"author":2,"featured_media":0,"parent":0,"menu_order":0,"comment_status":"closed","ping_status":"closed","template":"","meta":{"footnotes":""},"class_list":["post-473","page","type-page","status-publish","hentry"],"_links":{"self":[{"href":"http:\/\/www.memorialcompanyssabadell.cat\/index.php?rest_route=\/wp\/v2\/pages\/473","targetHints":{"allow":["GET"]}}],"collection":[{"href":"http:\/\/www.memorialcompanyssabadell.cat\/index.php?rest_route=\/wp\/v2\/pages"}],"about":[{"href":"http:\/\/www.memorialcompanyssabadell.cat\/index.php?rest_route=\/wp\/v2\/types\/page"}],"author":[{"embeddable":true,"href":"http:\/\/www.memorialcompanyssabadell.cat\/index.php?rest_route=\/wp\/v2\/users\/2"}],"replies":[{"embeddable":true,"href":"http:\/\/www.memorialcompanyssabadell.cat\/index.php?rest_route=%2Fwp%2Fv2%2Fcomments&post=473"}],"version-history":[{"count":2,"href":"http:\/\/www.memorialcompanyssabadell.cat\/index.php?rest_route=\/wp\/v2\/pages\/473\/revisions"}],"predecessor-version":[{"id":1677,"href":"http:\/\/www.memorialcompanyssabadell.cat\/index.php?rest_route=\/wp\/v2\/pages\/473\/revisions\/1677"}],"wp:attachment":[{"href":"http:\/\/www.memorialcompanyssabadell.cat\/index.php?rest_route=%2Fwp%2Fv2%2Fmedia&parent=473"}],"curies":[{"name":"wp","href":"https:\/\/api.w.org\/{rel}","templated":true}]}}